{"id":171,"date":"2025-01-20T22:36:39","date_gmt":"2025-01-20T22:36:39","guid":{"rendered":"https:\/\/distrato.campinhoadvocacia.com\/?page_id=171"},"modified":"2025-01-20T22:40:44","modified_gmt":"2025-01-20T22:40:44","slug":"politicas-de-cookies","status":"publish","type":"page","link":"https:\/\/distrato.campinhoadvocacia.com\/?page_id=171","title":{"rendered":"Pol\u00edticas de Cookies"},"content":{"rendered":"\t\t<div data-elementor-type=\"wp-page\" data-elementor-id=\"171\" class=\"elementor elementor-171\">\n\t\t\t\t<div class=\"elementor-element elementor-element-2c03246e e-flex e-con-boxed e-con e-parent\" data-id=\"2c03246e\" data-element_type=\"container\">\n\t\t\t\t\t<div class=\"e-con-inner\">\n\t\t\t\t<div class=\"elementor-element elementor-element-42d3bf7 elementor-widget elementor-widget-heading\" data-id=\"42d3bf7\" data-element_type=\"widget\" data-widget_type=\"heading.default\">\n\t\t\t\t<div class=\"elementor-widget-container\">\n\t\t\t\t\t<h2 class=\"elementor-heading-title elementor-size-default\">Pol\u00edticas de Cookies<\/h2>\t\t\t\t<\/div>\n\t\t\t\t<\/div>\n\t\t\t\t<div class=\"elementor-element elementor-element-3945b799 elementor-widget elementor-widget-text-editor\" data-id=\"3945b799\" data-element_type=\"widget\" data-widget_type=\"text-editor.default\">\n\t\t\t\t<div class=\"elementor-widget-container\">\n\t\t\t\t\t\t\t\t\t\n<h5 class=\"wp-block-heading\">Sobre a pol\u00edtica de cookies<\/h5>\n\n<p>Esta Pol\u00edtica de Cookies explica o que s\u00e3o cookies e como os usamos, os tipos de cookies que usamos, ou seja, as informa\u00e7\u00f5es que coletamos usando cookies e como essas informa\u00e7\u00f5es s\u00e3o usadas e como controlar as prefer\u00eancias de cookies. Para obter mais informa\u00e7\u00f5es sobre como usamos, armazenamos e mantemos seus dados pessoais seguros, consulte nossa Pol\u00edtica de Privacidade.<\/p>\n\n<p>Voc\u00ea pode a qualquer momento alterar ou retirar seu consentimento da Declara\u00e7\u00e3o de Cookies em nosso site.<\/p>\n\n<p>Saiba mais sobre quem somos, como voc\u00ea pode entrar em contato conosco e como processamos dados pessoais em nossa Pol\u00edtica de Privacidade.<\/p>\n\n<h5 class=\"wp-block-heading\">O que s\u00e3o Cookies<\/h5>\n\n<p>Cookies s\u00e3o pequenos arquivos de texto que s\u00e3o usados \u200b\u200bpara armazenar pequenas informa\u00e7\u00f5es. Eles s\u00e3o armazenados no seu dispositivo quando o site \u00e9 carregado no seu navegador. Esses cookies nos ajudam a fazer o site funcionar corretamente, torn\u00e1-lo mais seguro, fornecer uma melhor experi\u00eancia ao usu\u00e1rio e entender como o site funciona e analisar o que funciona e onde precisa ser melhorado.<\/p>\n\n<h5 class=\"wp-block-heading\">Como usamos cookies?<\/h5>\n\n<p>Como a maioria dos servi\u00e7os online, nosso site usa cookies pr\u00f3prios e de terceiros para diversos fins. Os cookies prim\u00e1rios s\u00e3o principalmente necess\u00e1rios para que o site funcione da maneira correta e n\u00e3o coletam nenhum dos seus dados de identifica\u00e7\u00e3o pessoal.<\/p>\n\n<p>Os cookies de terceiros usados \u200b\u200bem nosso site s\u00e3o principalmente para entender como o site funciona, como voc\u00ea interage com nosso site, manter nossos servi\u00e7os seguros, fornecer an\u00fancios relevantes para voc\u00ea e, em suma, fornecer a voc\u00ea um usu\u00e1rio melhor e aprimorado experi\u00eancia e ajudar a acelerar suas futuras intera\u00e7\u00f5es com nosso site.<\/p>\n\n<h5 class=\"wp-block-heading\">Que tipos de cookies usamos?<\/h5>\n\n<p><strong>Essencial:<\/strong>\u00a0Alguns cookies s\u00e3o essenciais para que voc\u00ea possa experimentar todas as funcionalidades do nosso site. Eles nos permitem manter as sess\u00f5es do usu\u00e1rio e evitar quaisquer amea\u00e7as de seguran\u00e7a. Eles n\u00e3o coletam ou armazenam nenhuma informa\u00e7\u00e3o pessoal. Por exemplo, esses cookies permitem que voc\u00ea fa\u00e7a login em sua conta e adicione produtos \u00e0 sua cesta e fa\u00e7a o checkout com seguran\u00e7a.<\/p>\n\n<p><strong>Estat\u00edsticas:<\/strong>\u00a0Esses cookies armazenam informa\u00e7\u00f5es como o n\u00famero de visitantes do site, o n\u00famero de visitantes \u00fanicos, quais p\u00e1ginas do site foram visitadas, a fonte da visita etc. Esses dados nos ajudam a entender e analisar o desempenho do site e onde precisa de melhorias.<\/p>\n\n<p><strong>Marketing:<\/strong>\u00a0Nosso site exibe an\u00fancios. Esses cookies s\u00e3o usados \u200b\u200bpara personalizar os an\u00fancios que mostramos a voc\u00ea para que sejam significativos para voc\u00ea. Esses cookies tamb\u00e9m nos ajudam a acompanhar a efici\u00eancia dessas campanhas publicit\u00e1rias. As informa\u00e7\u00f5es armazenadas nesses cookies tamb\u00e9m podem ser usadas pelos provedores de an\u00fancios terceirizados para exibir an\u00fancios em outros sites tamb\u00e9m no navegador.<\/p>\n\n<p><strong>Funcionais:<\/strong>\u00a0S\u00e3o os cookies que auxiliam algumas funcionalidades n\u00e3o essenciais em nosso site. Essas funcionalidades incluem incorporar conte\u00fado como v\u00eddeos ou compartilhar conte\u00fado do site em plataformas de m\u00eddia social.<\/p>\n\n<p><strong>Prefer\u00eancias:<\/strong>\u00a0Esses cookies nos ajudam a armazenar suas configura\u00e7\u00f5es e prefer\u00eancias de navega\u00e7\u00e3o, como prefer\u00eancias de idioma, para que voc\u00ea tenha uma experi\u00eancia melhor e eficiente em futuras visitas ao site. Estes sites podem coletar dados sobre voc\u00ea, usar cookies, incorporar rastreamento adicional de terceiros e monitorar sua intera\u00e7\u00e3o com este conte\u00fado incorporado, incluindo sua intera\u00e7\u00e3o com o conte\u00fado incorporado se voc\u00ea tem uma conta e est\u00e1 conectado com o site.<\/p>\n\n<h5 class=\"wp-block-heading\">Como posso controlar as prefer\u00eancias de cookies?<\/h5>\n\n<p>Caso decida alterar suas prefer\u00eancias posteriormente durante sua sess\u00e3o de navega\u00e7\u00e3o, voc\u00ea pode clicar na guia \u201cPol\u00edtica de Privacidade e Cookies\u201d na tela. Isso exibir\u00e1 o aviso de consentimento novamente, permitindo que voc\u00ea altere suas prefer\u00eancias ou retire totalmente seu consentimento.<\/p>\n\n<p>Al\u00e9m disso, diferentes navegadores fornecem m\u00e9todos diferentes para bloquear e excluir cookies usados \u200b\u200bpor sites.<\/p>\n\t\t\t\t\t\t\t\t<\/div>\n\t\t\t\t<\/div>\n\t\t\t\t\t<\/div>\n\t\t\t\t<\/div>\n\t\t\t\t<\/div>\n\t\t","protected":false},"excerpt":{"rendered":"<p>Pol\u00edticas de Cookies Sobre a pol\u00edtica de cookies Esta Pol\u00edtica de Cookies explica o que s\u00e3o cookies e como os usamos, os tipos de cookies que usamos, ou seja, as informa\u00e7\u00f5es que coletamos usando cookies e como essas informa\u00e7\u00f5es s\u00e3o usadas e como controlar as prefer\u00eancias de cookies. Para obter mais informa\u00e7\u00f5es sobre como usamos, [&hellip;]<\/p>\n","protected":false},"author":1,"featured_media":0,"parent":0,"menu_order":0,"comment_status":"closed","ping_status":"closed","template":"","meta":{"footnotes":""},"class_list":["post-171","page","type-page","status-publish","hentry"],"yoast_head":"<!-- This site is optimized with the Yoast SEO plugin v24.5 - https:\/\/yoast.com\/wordpress\/plugins\/seo\/ -->\n<title>Pol\u00edticas de Cookies - Campinho Advocacia<\/title>\n<meta name=\"robots\" content=\"index, follow, max-snippet:-1, max-image-preview:large, max-video-preview:-1\" \/>\n<link rel=\"canonical\" href=\"https:\/\/distrato.campinhoadvocacia.com\/?page_id=171\" \/>\n<meta property=\"og:locale\" content=\"pt_BR\" \/>\n<meta property=\"og:type\" content=\"article\" \/>\n<meta property=\"og:title\" content=\"Pol\u00edticas de Cookies - Campinho Advocacia\" \/>\n<meta property=\"og:description\" content=\"Pol\u00edticas de Cookies Sobre a pol\u00edtica de cookies Esta Pol\u00edtica de Cookies explica o que s\u00e3o cookies e como os usamos, os tipos de cookies que usamos, ou seja, as informa\u00e7\u00f5es que coletamos usando cookies e como essas informa\u00e7\u00f5es s\u00e3o usadas e como controlar as prefer\u00eancias de cookies. Para obter mais informa\u00e7\u00f5es sobre como usamos, [&hellip;]\" \/>\n<meta property=\"og:url\" content=\"https:\/\/distrato.campinhoadvocacia.com\/?page_id=171\" \/>\n<meta property=\"og:site_name\" content=\"Campinho Advocacia\" \/>\n<meta property=\"article:modified_time\" content=\"2025-01-20T22:40:44+00:00\" \/>\n<meta name=\"twitter:card\" content=\"summary_large_image\" \/>\n<meta name=\"twitter:label1\" content=\"Est. tempo de leitura\" \/>\n\t<meta name=\"twitter:data1\" content=\"3 minutos\" \/>\n<script type=\"application\/ld+json\" class=\"yoast-schema-graph\">{\"@context\":\"https:\/\/schema.org\",\"@graph\":[{\"@type\":\"WebPage\",\"@id\":\"https:\/\/distrato.campinhoadvocacia.com\/?page_id=171\",\"url\":\"https:\/\/distrato.campinhoadvocacia.com\/?page_id=171\",\"name\":\"Pol\u00edticas de Cookies - Campinho Advocacia\",\"isPartOf\":{\"@id\":\"https:\/\/distrato.campinhoadvocacia.com\/#website\"},\"datePublished\":\"2025-01-20T22:36:39+00:00\",\"dateModified\":\"2025-01-20T22:40:44+00:00\",\"breadcrumb\":{\"@id\":\"https:\/\/distrato.campinhoadvocacia.com\/?page_id=171#breadcrumb\"},\"inLanguage\":\"pt-BR\",\"potentialAction\":[{\"@type\":\"ReadAction\",\"target\":[\"https:\/\/distrato.campinhoadvocacia.com\/?page_id=171\"]}]},{\"@type\":\"BreadcrumbList\",\"@id\":\"https:\/\/distrato.campinhoadvocacia.com\/?page_id=171#breadcrumb\",\"itemListElement\":[{\"@type\":\"ListItem\",\"position\":1,\"name\":\"In\u00edcio\",\"item\":\"https:\/\/distrato.campinhoadvocacia.com\/\"},{\"@type\":\"ListItem\",\"position\":2,\"name\":\"Pol\u00edticas de Cookies\"}]},{\"@type\":\"WebSite\",\"@id\":\"https:\/\/distrato.campinhoadvocacia.com\/#website\",\"url\":\"https:\/\/distrato.campinhoadvocacia.com\/\",\"name\":\"Campinho Advocacia\",\"description\":\"Distrato\",\"publisher\":{\"@id\":\"https:\/\/distrato.campinhoadvocacia.com\/#organization\"},\"potentialAction\":[{\"@type\":\"SearchAction\",\"target\":{\"@type\":\"EntryPoint\",\"urlTemplate\":\"https:\/\/distrato.campinhoadvocacia.com\/?s={search_term_string}\"},\"query-input\":{\"@type\":\"PropertyValueSpecification\",\"valueRequired\":true,\"valueName\":\"search_term_string\"}}],\"inLanguage\":\"pt-BR\"},{\"@type\":\"Organization\",\"@id\":\"https:\/\/distrato.campinhoadvocacia.com\/#organization\",\"name\":\"Campinho Advocacia\",\"url\":\"https:\/\/distrato.campinhoadvocacia.com\/\",\"logo\":{\"@type\":\"ImageObject\",\"inLanguage\":\"pt-BR\",\"@id\":\"https:\/\/distrato.campinhoadvocacia.com\/#\/schema\/logo\/image\/\",\"url\":\"https:\/\/distrato.campinhoadvocacia.com\/wp-content\/uploads\/2025\/01\/Logo-Amarela.png\",\"contentUrl\":\"https:\/\/distrato.campinhoadvocacia.com\/wp-content\/uploads\/2025\/01\/Logo-Amarela.png\",\"width\":402,\"height\":198,\"caption\":\"Campinho Advocacia\"},\"image\":{\"@id\":\"https:\/\/distrato.campinhoadvocacia.com\/#\/schema\/logo\/image\/\"}}]}<\/script>\n<!-- \/ Yoast SEO plugin. -->","yoast_head_json":{"title":"Pol\u00edticas de Cookies - Campinho Advocacia","robots":{"index":"index","follow":"follow","max-snippet":"max-snippet:-1","max-image-preview":"max-image-preview:large","max-video-preview":"max-video-preview:-1"},"canonical":"https:\/\/distrato.campinhoadvocacia.com\/?page_id=171","og_locale":"pt_BR","og_type":"article","og_title":"Pol\u00edticas de Cookies - Campinho Advocacia","og_description":"Pol\u00edticas de Cookies Sobre a pol\u00edtica de cookies Esta Pol\u00edtica de Cookies explica o que s\u00e3o cookies e como os usamos, os tipos de cookies que usamos, ou seja, as informa\u00e7\u00f5es que coletamos usando cookies e como essas informa\u00e7\u00f5es s\u00e3o usadas e como controlar as prefer\u00eancias de cookies. Para obter mais informa\u00e7\u00f5es sobre como usamos, [&hellip;]","og_url":"https:\/\/distrato.campinhoadvocacia.com\/?page_id=171","og_site_name":"Campinho Advocacia","article_modified_time":"2025-01-20T22:40:44+00:00","twitter_card":"summary_large_image","twitter_misc":{"Est. tempo de leitura":"3 minutos"},"schema":{"@context":"https:\/\/schema.org","@graph":[{"@type":"WebPage","@id":"https:\/\/distrato.campinhoadvocacia.com\/?page_id=171","url":"https:\/\/distrato.campinhoadvocacia.com\/?page_id=171","name":"Pol\u00edticas de Cookies - Campinho Advocacia","isPartOf":{"@id":"https:\/\/distrato.campinhoadvocacia.com\/#website"},"datePublished":"2025-01-20T22:36:39+00:00","dateModified":"2025-01-20T22:40:44+00:00","breadcrumb":{"@id":"https:\/\/distrato.campinhoadvocacia.com\/?page_id=171#breadcrumb"},"inLanguage":"pt-BR","potentialAction":[{"@type":"ReadAction","target":["https:\/\/distrato.campinhoadvocacia.com\/?page_id=171"]}]},{"@type":"BreadcrumbList","@id":"https:\/\/distrato.campinhoadvocacia.com\/?page_id=171#breadcrumb","itemListElement":[{"@type":"ListItem","position":1,"name":"In\u00edcio","item":"https:\/\/distrato.campinhoadvocacia.com\/"},{"@type":"ListItem","position":2,"name":"Pol\u00edticas de Cookies"}]},{"@type":"WebSite","@id":"https:\/\/distrato.campinhoadvocacia.com\/#website","url":"https:\/\/distrato.campinhoadvocacia.com\/","name":"Campinho Advocacia","description":"Distrato","publisher":{"@id":"https:\/\/distrato.campinhoadvocacia.com\/#organization"},"potentialAction":[{"@type":"SearchAction","target":{"@type":"EntryPoint","urlTemplate":"https:\/\/distrato.campinhoadvocacia.com\/?s={search_term_string}"},"query-input":{"@type":"PropertyValueSpecification","valueRequired":true,"valueName":"search_term_string"}}],"inLanguage":"pt-BR"},{"@type":"Organization","@id":"https:\/\/distrato.campinhoadvocacia.com\/#organization","name":"Campinho Advocacia","url":"https:\/\/distrato.campinhoadvocacia.com\/","logo":{"@type":"ImageObject","inLanguage":"pt-BR","@id":"https:\/\/distrato.campinhoadvocacia.com\/#\/schema\/logo\/image\/","url":"https:\/\/distrato.campinhoadvocacia.com\/wp-content\/uploads\/2025\/01\/Logo-Amarela.png","contentUrl":"https:\/\/distrato.campinhoadvocacia.com\/wp-content\/uploads\/2025\/01\/Logo-Amarela.png","width":402,"height":198,"caption":"Campinho Advocacia"},"image":{"@id":"https:\/\/distrato.campinhoadvocacia.com\/#\/schema\/logo\/image\/"}}]}},"_links":{"self":[{"href":"https:\/\/distrato.campinhoadvocacia.com\/index.php?rest_route=\/wp\/v2\/pages\/171","targetHints":{"allow":["GET"]}}],"collection":[{"href":"https:\/\/distrato.campinhoadvocacia.com\/index.php?rest_route=\/wp\/v2\/pages"}],"about":[{"href":"https:\/\/distrato.campinhoadvocacia.com\/index.php?rest_route=\/wp\/v2\/types\/page"}],"author":[{"embeddable":true,"href":"https:\/\/distrato.campinhoadvocacia.com\/index.php?rest_route=\/wp\/v2\/users\/1"}],"replies":[{"embeddable":true,"href":"https:\/\/distrato.campinhoadvocacia.com\/index.php?rest_route=%2Fwp%2Fv2%2Fcomments&post=171"}],"version-history":[{"count":7,"href":"https:\/\/distrato.campinhoadvocacia.com\/index.php?rest_route=\/wp\/v2\/pages\/171\/revisions"}],"predecessor-version":[{"id":178,"href":"https:\/\/distrato.campinhoadvocacia.com\/index.php?rest_route=\/wp\/v2\/pages\/171\/revisions\/178"}],"wp:attachment":[{"href":"https:\/\/distrato.campinhoadvocacia.com\/index.php?rest_route=%2Fwp%2Fv2%2Fmedia&parent=171"}],"curies":[{"name":"wp","href":"https:\/\/api.w.org\/{rel}","templated":true}]}}